{"id":596,"date":"2021-10-27T13:15:41","date_gmt":"2021-10-27T13:15:41","guid":{"rendered":"https:\/\/www.christian-heuser.com\/?page_id=596"},"modified":"2021-10-27T13:17:59","modified_gmt":"2021-10-27T13:17:59","slug":"datenschutzerklaerung","status":"publish","type":"page","link":"https:\/\/christian-heuser.com\/index.php\/datenschutzerklaerung\/","title":{"rendered":"Datenschutzerkl\u00e4rung"},"content":{"rendered":"\n<p>Datenschutzerkl\u00e4rung<\/p>\n\n\n\n<p>Wir freuen uns \u00fcber Ihren Besuch auf unserer Website und \u00fcber Ihr Interesse an unserem Angebot. Datenschutz und Datensicherheit haben bei uns eine hohe Bedeutung. Deshalb ist uns auch der Schutz Ihrer personenbezogenen Daten sehr wichtig.<br>Wir m\u00f6chten Sie informieren, welche Daten wir w\u00e4hrend Ihres Besuchs auf unseren Internetseiten erfassen und wie diese Informationen genutzt werden. Diese Datenschutzerkl\u00e4rung gilt jedoch nicht f\u00fcr Internetseiten, die nicht zu uns z\u00e4hlen und die einen Link zu oder von dieser oder einer anderen Internetseite haben.<br>Personenbezogene Daten<\/p>\n\n\n\n<p>Beim Besuch unserer Internetseiten werden Sie zu keiner Zeit aufgefordert, irgendwelche Angaben zu Ihrer Person zu machen, weder vor dem Aufruf noch bei der Nutzung unserer Seiten.<\/p>\n\n\n\n<p>Statistische Daten<\/p>\n\n\n\n<p>Aus technischen Gr\u00fcnden werden beim Zugriff auf diese Website folgende Angaben in einer Protokolldatei gespeichert:<\/p>\n\n\n\n<ul class=\"wp-block-list\"><li>Domain von der aus der Zugriff erfolgte (\u00fcblicherweise die Domain Ihres Internet-Providers)<\/li><li>Datum und Uhrzeit des Abrufs<\/li><li>Name der abgerufenen Datei<\/li><li>Name und Version des verwendeten Browsers<\/li><li>\u00fcbertragene Datenmenge<\/li><li>Meldung, ob der Abruf erfolgreich war<br>Unser Server registriert bei jedem Aufruf nur, von welcher Domain aus der Zugriff erfolgt, eine individuelle Nutzerkennung (z.B. E-Mail-Adresse oder IP-Adresse) wird nicht erfasst. Ein Personenbezug ist dabei nicht m\u00f6glich.<br>Diese statistischen Daten werden nach sechs Wochen gel\u00f6scht. Die Protokolldaten werden weder ausgewertet noch anderweitig genutzt oder weiterverarbeitet. Eine Weitergabe an Dritte erfolgt nicht.<br>Diese Daten werden ebenso beim Zugriff auf jede andere Webseite im Internet generiert. Es handelt sich hierbei also nicht um eine spezifische Funktion der von uns angebotenen Internetseiten. Informationen dieser Art werden ausschlie\u00dflich anonymisiert erhoben.<\/li><\/ul>\n\n\n\n<p>Webfonts<\/p>\n\n\n\n<p>Wir verwenden externe Schriften, Google Fonts. Google Fonts ist ein Dienst der Google inc. 1600 Amphitheatre Parkway, Mountain View, CA 94043, USA (\u201eGoogle\u201c). Die Einbindung dieser Webfonts erfolgt durch einen Serveraufruf, in der Regel ein Server von Google in den USA. Hierdurch wird an den Server \u00fcbermittelt, welche unserer Internetseiten Sie besucht haben. Auch wird die IP-Adresse des Browsers des Endger\u00e4tes des Besuchers dieser Internetseiten von Google gespeichert. N\u00e4here Informationen finden Sie in den Datenschutzhinweisen von Google unter https:\/\/google.com\/fonts#AboutPlace:about und https:\/\/google.com\/policies\/privacy\/ Wir haben keinen Einfluss auf die Daten, die gespeichert werden. Google ist f\u00fcr den datenschutzkonformen Umgang mit den Daten verantwortlich.<\/p>\n\n\n\n<p>Cookies und verwendete Techniken<\/p>\n\n\n\n<p>Unsere Seiten verwenden weder Cookies noch andere Techniken, die dazu dienen, das Zugriffsverhalten der Nutzer nachzuvollziehen. Zudem verzichten wir grunds\u00e4tzlich bewusst auf jede Technik, die eine Einschr\u00e4nkung Ihrer Internet-Sicherheit bedeuten k\u00f6nnte.<br>Session-Cookies erhebt unsere Internetseite automatisch, um einen fehlerfreie Bereitstellung der Webseite zu gew\u00e4hrleisten. Aus technischen Gr\u00fcnden ist es uns nicht m\u00f6glich, diese Cookies auszustellen (siehe auch \u201ePersonenbezogene Daten\u201c).<\/p>\n\n\n\n<p>SSL-Verschl\u00fcsselung<br>Wir nutzen aus Sicherheitsgr\u00fcnden und zum Schutz der \u00dcbertragung vertraulicher Inhalte eine SSL-Verschl\u00fcsselung. Eine verschl\u00fcsselte Verbindung erkennen Sie an der Adresszeile des Browsers. Handelt es sich um eine SSL-verschl\u00fcsselte Seite, beginnt die Adresszeile mit \u201ehttps\u201c.<\/p>\n\n\n\n<p>Verwendung von personenbezogenen Daten<\/p>\n\n\n\n<p>Wenn Sie uns kontaktieren, erkl\u00e4ren Sie sich damit einverstanden, dass Ihre Daten von uns gespeichert und verwendet werden. Alle Daten werden unter Beachtung des Datenschutzgesetzes (DSGVO) und des Bundesdatenschutzgesetzes-neu (BDSG-neu) und anderer gesetzlicher Vorschriften verarbeitet. Ihre schutzw\u00fcrdigen Belange werden gem\u00e4\u00df den gesetzlichen Bestimmungen ber\u00fccksichtigt. Ihre Daten werden jederzeit vertraulich behandelt.<br>Wenn Sie uns eine E-Mail senden, so wird diese und Ihre E-Mail-Adresse ausschlie\u00dflich f\u00fcr die Korrespondenz mit Ihnen verwendet.<br>An uns \u00fcbermittelte personenbezogene Daten wie Namen, Adresse, Telefonnummer, Bankverbindung oder E-Mail-Adresse erheben, verarbeiten und nutzen wir ausschlie\u00dflich f\u00fcr nachfolgende Zwecke und nur im jeweils daf\u00fcr erforderlichen Umfang:<\/p>\n\n\n\n<ul class=\"wp-block-list\"><li>zur Bearbeitung Ihrer Anfragen<\/li><li>zum Zweck der Vertragsabwicklung<\/li><li>zur Interessentenbetreuung, Kundengewinnung und Kundenbetreuung<\/li><li>zur Erbringung von Dienstleistungen<\/li><li>f\u00fcr Marketing-Zwecke<\/li><\/ul>\n\n\n\n<p>Bewerber*innendaten<br>Bewerbungen f\u00fcr Stellenangebote oder Praktikumspl\u00e4tze, die im Rahmen eines Ausschreibungsverfahrens oder initiativ bei uns eingehen, werden zun\u00e4chst archiviert und nach Abschluss des Verfahrens innerhalb einer festgelegten Frist gel\u00f6scht. Der Aufbewahrung der Daten \u00fcber diesen Zeitpunkt hinaus m\u00fcssen Sie zustimmen und uns schriftlich genehmigen. Ausreichend daf\u00fcr ist ein Hinweis im Text der E-Mail oder im Anschreiben.<\/p>\n\n\n\n<p>Recht auf Daten\u00fcbertragbarkeit<\/p>\n\n\n\n<p>Daten, die wir auf Grundlage Ihrer Einwilligung erheben oder in Erf\u00fcllung eines Vertrages automatisiert verarbeiten, k\u00f6nnen Sie sich oder an einen Dritten in einem g\u00e4ngigen, maschinenlesbaren Format aush\u00e4ndigen lassen. Sofern Sie von diesem Recht gebraucht machen und Sie die direkte \u00dcbertragung der Daten an einen anderen Verantwortlichen verlangen, erfolgt dies nur, sofern es technisch machbar ist.<\/p>\n\n\n\n<p>L\u00f6schfristen<\/p>\n\n\n\n<p>S\u00e4mtliche personenbezogenen Daten werden bei uns nur solange gespeichert, wie dies f\u00fcr den entsprechenden Zweck erforderlich ist oder wir gesetzlich zur Speicherung verpflichtet sind oder dies aufgrund einer gesetzlichen Regelung zul\u00e4ssig ist.<\/p>\n\n\n\n<p>Auskunftsrecht, Berichtigung, Sperrung und L\u00f6schung<\/p>\n\n\n\n<p>Auf Anforderung teilen wir Ihnen m\u00f6glichst umgehend schriftlich entsprechend des geltenden Rechts mit, ob und welche pers\u00f6nlichen Daten \u00fcber Sie bei uns gespeichert sind.<br>Sollten trotz unserer Bem\u00fchungen um Datenrichtigkeit und Aktualit\u00e4t falsche Informationen gespeichert sein, werden wir diese auf Ihre Aufforderung hin berichtigen. Wenn Sie eine Sperrung oder L\u00f6schung w\u00fcnschen, wenden Sie sich bitte an uns.<\/p>\n\n\n\n<p>Einwilligung\/Widerruf der Einwilligung<\/p>\n\n\n\n<p>Wenn Sie Einwilligungen zum Speichern und Verarbeiten Ihrer Daten gegeben haben, k\u00f6nnen Sie Ihre Einwilligung jederzeit mit Wirkung f\u00fcr die Zukunft widerrufen. Dazu reicht eine formlose E-Mail an  kontakt@christian-heuser.com . Die Rechtm\u00e4\u00dfigkeit der bis zum Widerruf erfolgten Datenverarbeitung bleibt vom Widerruf unber\u00fchrt.<br>Sicherheit<\/p>\n\n\n\n<p>Wir setzen technische und organisatorische Sicherheitsma\u00dfnahmen ein, um Ihre uns zur Verf\u00fcgung gestellten personenbezogenen Daten durch zuf\u00e4llige oder vors\u00e4tzliche Manipulation, Verlust, Zerst\u00f6rung und vor dem Zugriff unberechtigter Personen zu sch\u00fctzen. Unsere Sicherheitsma\u00dfnahmen werden entsprechend dem Stand der Technik fortlaufend verbessert und angepasst.<\/p>\n\n\n\n<p>Ansprechpartner f\u00fcr Datenschutzfragen und Beschwerden<\/p>\n\n\n\n<p>Name und Anschrift der verantwortlichen Stelle<\/p>\n\n\n\n<p>Christian Heuser IT<br>Bahnhofstrasse 11, 32312 L\u00fcbbecke<br>Telefon: 015254293571<br>E-Mail: kontakt@christian-heuser.com<\/p>\n\n\n\n<p>Verantwortliche Stelle ist die nat\u00fcrliche oder juristische Person, die allein oder gemeinsam mit anderen \u00fcber die Zwecke und Mittel der Verarbeitung von personenbezogenen Daten (z.B. Name, Adresse, E-Mail-Adresse) entscheidet.<\/p>\n\n\n\n<p>Es steht Ihnen ein Beschwerderecht bei der zust\u00e4ndigen Aufsichtsbeh\u00f6rde bei datenschutzrechtlichen Verst\u00f6\u00dfen zu. Die Aufsichtsbeh\u00f6rde bei datenschutzrechtlichen Fragen und Beschwerden zu uns ist:<br>Landesbeauftragte f\u00fcr Datenschutz und Informationsfreiheit<br>Nordrhein-Westfalen<br>Postfach 20 04 44<br>40102 D\u00fcsseldorf<br>Tel.: 0211\/38424-0<br>Fax: 0211\/38424-10<br>E-Mail: poststelle@ldi.nrw.de<\/p>\n\n\n\n<p>Weitergabe an Dritte<\/p>\n\n\n\n<p>Wir geben Ihre personenbezogenen Daten nicht ohne Ihre ausdr\u00fcckliche und jederzeit widerrufliche Einwilligung an Dritte weiter. Ausgenommen hiervon sind unsere Dienstleistungspartner, die zur Auftragsabwicklung oder f\u00fcr einen der oben genannten Zwecke die \u00dcbermittlung von Daten ben\u00f6tigen (z.B. Logistikpartner f\u00fcr den Postversand und das mit der Zahlungsabwicklung beauftragte Kreditinstitut). In diesen F\u00e4llen beschr\u00e4nkt sich der Umfang der \u00fcbermittelten Daten jedoch nur auf das erforderliche Minimum. Eine Weitergabe Ihrer Daten an sonstige Dritte erfolgt nicht. Findet eine Weitergabe an Dritte statt, so werden wir die erforderlichen Datenschutzma\u00dfnahmen sowie die Einhaltung der gesetzlichen Datenschutzvorschriften auch mit dem Dritten vereinbaren und kontrollieren. Im Falle einer erforderlichen Einwilligung werden wir Sie dar\u00fcber informieren, wer Ihre pers\u00f6nlichen Daten erhalten wird.Wir hosten ohne Dienstleister und nicht in einem Drittland.<\/p>\n\n\n\n<p>\u00c4nderung dieser Datenschutzerkl\u00e4rung<br>Diese Datenschutzerkl\u00e4rung wurde am 27.10.2021 erstellt. Wir behalten uns das Recht vor, diese Datenschutzerkl\u00e4rung jederzeit mit Wirkung f\u00fcr die Zukunft zu \u00e4ndern. Eine jeweilig aktuelle Version ist direkt \u00fcber unsere Internetseite abrufbar. Bitte informieren Sie sich regelm\u00e4\u00dfig \u00fcber die geltende Datenschutzerkl\u00e4rung.<\/p>\n\n\n\n<p>Stand der Datenschutzerkl\u00e4rung: Oktober 2021<\/p>\n","protected":false},"excerpt":{"rendered":"<p>Datenschutzerkl\u00e4rung Wir freuen uns \u00fcber Ihren Besuch auf unserer Website und \u00fcber Ihr Interesse an unserem Angebot. Datenschutz und Datensicherheit haben bei uns eine hohe Bedeutung. Deshalb ist uns auch der Schutz Ihrer personenbezogenen Daten sehr wichtig.Wir m\u00f6chten Sie informieren, welche Daten wir w\u00e4hrend Ihres Besuchs auf unseren Internetseiten erfassen und wie diese Informationen genutzt werden. Diese Datenschutzerkl\u00e4rung gilt jedoch nicht f\u00fcr Internetseiten, die nicht zu uns z\u00e4hlen und die einen Link zu oder von dieser oder einer anderen Internetseite haben.Personenbezogene Daten Beim Besuch unserer Internetseiten werden Sie zu keiner Zeit aufgefordert, irgendwelche Angaben zu Ihrer Person zu machen, weder\u2026<\/p>\n","protected":false},"author":1,"featured_media":0,"parent":0,"menu_order":0,"comment_status":"closed","ping_status":"closed","template":"","meta":{"footnotes":""},"class_list":["post-596","page","type-page","status-publish","hentry"],"blocksy_meta":{"styles_descriptor":{"styles":{"desktop":"","tablet":"","mobile":""},"google_fonts":[],"version":2}},"featured_image_urls":{"full":"","thumbnail":"","medium":"","medium_large":"","large":"","1536x1536":"","2048x2048":""},"post_excerpt_stackable":"<p>Datenschutzerkl\u00e4rung Wir freuen uns \u00fcber Ihren Besuch auf unserer Website und \u00fcber Ihr Interesse an unserem Angebot. Datenschutz und Datensicherheit haben bei uns eine hohe Bedeutung. Deshalb ist uns auch der Schutz Ihrer personenbezogenen Daten sehr wichtig.Wir m\u00f6chten Sie informieren, welche Daten wir w\u00e4hrend Ihres Besuchs auf unseren Internetseiten erfassen und wie diese Informationen genutzt werden. Diese Datenschutzerkl\u00e4rung gilt jedoch nicht f\u00fcr Internetseiten, die nicht zu uns z\u00e4hlen und die einen Link zu oder von dieser oder einer anderen Internetseite haben.Personenbezogene Daten Beim Besuch unserer Internetseiten werden Sie zu keiner Zeit aufgefordert, irgendwelche Angaben zu Ihrer Person zu machen, weder&hellip;<\/p>\n","category_list":"","author_info":{"name":"admin","url":"https:\/\/christian-heuser.com\/index.php\/author\/root_5kb0ajew\/"},"comments_num":"0 comments","featured_image_urls_v2":{"full":"","thumbnail":"","medium":"","medium_large":"","large":"","1536x1536":"","2048x2048":""},"post_excerpt_stackable_v2":"<p>Datenschutzerkl\u00e4rung Wir freuen uns \u00fcber Ihren Besuch auf unserer Website und \u00fcber Ihr Interesse an unserem Angebot. Datenschutz und Datensicherheit haben bei uns eine hohe Bedeutung. Deshalb ist uns auch der Schutz Ihrer personenbezogenen Daten sehr wichtig.Wir m\u00f6chten Sie informieren, welche Daten wir w\u00e4hrend Ihres Besuchs auf unseren Internetseiten erfassen und wie diese Informationen genutzt werden. Diese Datenschutzerkl\u00e4rung gilt jedoch nicht f\u00fcr Internetseiten, die nicht zu uns z\u00e4hlen und die einen Link zu oder von dieser oder einer anderen Internetseite haben.Personenbezogene Daten Beim Besuch unserer Internetseiten werden Sie zu keiner Zeit aufgefordert, irgendwelche Angaben zu Ihrer Person zu machen, weder&hellip;<\/p>\n","category_list_v2":"","author_info_v2":{"name":"admin","url":"https:\/\/christian-heuser.com\/index.php\/author\/root_5kb0ajew\/"},"comments_num_v2":"0 comments","_links":{"self":[{"href":"https:\/\/christian-heuser.com\/index.php\/wp-json\/wp\/v2\/pages\/596","targetHints":{"allow":["GET"]}}],"collection":[{"href":"https:\/\/christian-heuser.com\/index.php\/wp-json\/wp\/v2\/pages"}],"about":[{"href":"https:\/\/christian-heuser.com\/index.php\/wp-json\/wp\/v2\/types\/page"}],"author":[{"embeddable":true,"href":"https:\/\/christian-heuser.com\/index.php\/wp-json\/wp\/v2\/users\/1"}],"replies":[{"embeddable":true,"href":"https:\/\/christian-heuser.com\/index.php\/wp-json\/wp\/v2\/comments?post=596"}],"version-history":[{"count":3,"href":"https:\/\/christian-heuser.com\/index.php\/wp-json\/wp\/v2\/pages\/596\/revisions"}],"predecessor-version":[{"id":599,"href":"https:\/\/christian-heuser.com\/index.php\/wp-json\/wp\/v2\/pages\/596\/revisions\/599"}],"wp:attachment":[{"href":"https:\/\/christian-heuser.com\/index.php\/wp-json\/wp\/v2\/media?parent=596"}],"curies":[{"name":"wp","href":"https:\/\/api.w.org\/{rel}","templated":true}]}}